{"id":999,"date":"2023-12-26T16:40:08","date_gmt":"2023-12-26T15:40:08","guid":{"rendered":"https:\/\/bybservicios.cl\/?post_type=product&#038;p=999"},"modified":"2025-04-12T18:05:27","modified_gmt":"2025-04-12T16:05:27","slug":"aire-acondicionado-tipo-ventana-9000btu","status":"publish","type":"product","link":"https:\/\/bybservicios.cl\/index.php\/product\/aire-acondicionado-tipo-ventana-9000btu\/","title":{"rendered":"Aire acondicionado tipo ventana 9,000BTU"},"content":{"rendered":"<p><span style=\"color: #1d1d1d;\"><span style=\"font-family: Arial, Helvetica, sans-serif;\"><span style=\"font-size: small;\">Equipo de aire acondicionado tipo Ventana con refrigerante ecol\u00f3gico, filtro lavable, equipo anticorrosivo, modo sleep, control remoto inal\u00e1mbrico, panel desmontable y lavable, dise\u00f1o bajo ruido, modo timer, control de ventilador autom\u00e1tico.<\/span><\/span><\/span><\/p>\n","protected":false},"excerpt":{"rendered":"<p>Equipo de aire acondicionado tipo Ventana con refrigerante ecol\u00f3gico, filtro lavable, equipo anticorrosivo, modo sleep, control remoto inal\u00e1mbrico, panel desmontable y lavable, dise\u00f1o bajo ruido, modo timer, control de ventilador autom\u00e1tico.<\/p>\n","protected":false},"featured_media":1018,"comment_status":"open","ping_status":"closed","template":"","meta":{"_monsterinsights_skip_tracking":false,"_monsterinsights_sitenote_active":false,"_monsterinsights_sitenote_note":"","_monsterinsights_sitenote_category":0,"site-sidebar-layout":"default","site-content-layout":"","ast-site-content-layout":"default","site-content-style":"default","site-sidebar-style":"default","ast-global-header-display":"","ast-banner-title-visibility":"","ast-main-header-display":"","ast-hfb-above-header-display":"","ast-hfb-below-header-display":"","ast-hfb-mobile-header-display":"","site-post-title":"","ast-breadcrumbs-content":"","ast-featured-img":"","footer-sml-layout":"","theme-transparent-header-meta":"default","adv-header-id-meta":"","stick-header-meta":"","header-above-stick-meta":"","header-main-stick-meta":"","header-below-stick-meta":"","astra-migrate-meta-layouts":"set","ast-page-background-enabled":"default","ast-page-background-meta":{"desktop":{"background-color":"var(--ast-global-color-4)","background-image":"","background-repeat":"repeat","background-position":"center center","background-size":"auto","background-attachment":"scroll","background-type":"","background-media":"","overlay-type":"","overlay-color":"","overlay-gradient":""},"tablet":{"background-color":"","background-image":"","background-repeat":"repeat","background-position":"center center","background-size":"auto","background-attachment":"scroll","background-type":"","background-media":"","overlay-type":"","overlay-color":"","overlay-gradient":""},"mobile":{"background-color":"","background-image":"","background-repeat":"repeat","background-position":"center center","background-size":"auto","background-attachment":"scroll","background-type":"","background-media":"","overlay-type":"","overlay-color":"","overlay-gradient":""}},"ast-content-background-meta":{"desktop":{"background-color":"var(--ast-global-color-5)","background-image":"","background-repeat":"repeat","background-position":"center center","background-size":"auto","background-attachment":"scroll","background-type":"","background-media":"","overlay-type":"","overlay-color":"","overlay-gradient":""},"tablet":{"background-color":"var(--ast-global-color-5)","background-image":"","background-repeat":"repeat","background-position":"center center","background-size":"auto","background-attachment":"scroll","background-type":"","background-media":"","overlay-type":"","overlay-color":"","overlay-gradient":""},"mobile":{"background-color":"var(--ast-global-color-5)","background-image":"","background-repeat":"repeat","background-position":"center center","background-size":"auto","background-attachment":"scroll","background-type":"","background-media":"","overlay-type":"","overlay-color":"","overlay-gradient":""}},"_joinchat":[]},"product_cat":[21],"product_tag":[],"aioseo_notices":[],"_links":{"self":[{"href":"https:\/\/bybservicios.cl\/index.php\/wp-json\/wp\/v2\/product\/999"}],"collection":[{"href":"https:\/\/bybservicios.cl\/index.php\/wp-json\/wp\/v2\/product"}],"about":[{"href":"https:\/\/bybservicios.cl\/index.php\/wp-json\/wp\/v2\/types\/product"}],"replies":[{"embeddable":true,"href":"https:\/\/bybservicios.cl\/index.php\/wp-json\/wp\/v2\/comments?post=999"}],"wp:featuredmedia":[{"embeddable":true,"href":"https:\/\/bybservicios.cl\/index.php\/wp-json\/wp\/v2\/media\/1018"}],"wp:attachment":[{"href":"https:\/\/bybservicios.cl\/index.php\/wp-json\/wp\/v2\/media?parent=999"}],"wp:term":[{"taxonomy":"product_cat","embeddable":true,"href":"https:\/\/bybservicios.cl\/index.php\/wp-json\/wp\/v2\/product_cat?post=999"},{"taxonomy":"product_tag","embeddable":true,"href":"https:\/\/bybservicios.cl\/index.php\/wp-json\/wp\/v2\/product_tag?post=999"}],"curies":[{"name":"wp","href":"https:\/\/api.w.org\/{rel}","templated":true}]}}