{"id":476,"date":"2023-06-15T01:04:53","date_gmt":"2023-06-14T23:04:53","guid":{"rendered":"https:\/\/bybservicios.cl\/?post_type=product&#038;p=476"},"modified":"2023-12-14T00:54:10","modified_gmt":"2023-12-13T23:54:10","slug":"aire-acondicionado-portatil-9-000-btu-wifi","status":"publish","type":"product","link":"https:\/\/bybservicios.cl\/index.php\/product\/aire-acondicionado-portatil-9-000-btu-wifi\/","title":{"rendered":"Aire acondicionado port\u00e1til 9.000 BTU WIFI"},"content":{"rendered":"<h1 class=\"page-title\"><\/h1>\n<p>Aire acondicionado port\u00e1til 9.000 BTU WIFI<\/p>\n<p>Sabemos lo importante que es temperar tu hogar y velar por el bienestar de tu familia en d\u00edas de altas y bajas temperaturas. La mejor opci\u00f3n en estos casos es contar con un Aire acondicionado port\u00e1til KH\u00d6NE, con un dise\u00f1o sutil y de f\u00e1cil movilidad, es la perfecta combinaci\u00f3n entre versatilidad y rendimiento. Con 3 diferentes velocidades para su funcionamiento, logra adaptarse perfectamente a la temperatura de tu hogar, adem\u00e1s de incluir un modo de control inteligente a trav\u00e9s de Wifi, y modo sleep para descansar con tranquilidad sin preocupaciones.<\/p>\n","protected":false},"excerpt":{"rendered":"<p>Aire acondicionado port\u00e1til 9.000 BTU WIFI<\/p>\n","protected":false},"featured_media":778,"comment_status":"closed","ping_status":"closed","template":"","meta":{"_monsterinsights_skip_tracking":false,"_monsterinsights_sitenote_active":false,"_monsterinsights_sitenote_note":"","_monsterinsights_sitenote_category":0,"site-sidebar-layout":"default","site-content-layout":"","ast-site-content-layout":"default","site-content-style":"default","site-sidebar-style":"default","ast-global-header-display":"","ast-banner-title-visibility":"","ast-main-header-display":"","ast-hfb-above-header-display":"","ast-hfb-below-header-display":"","ast-hfb-mobile-header-display":"","site-post-title":"","ast-breadcrumbs-content":"","ast-featured-img":"","footer-sml-layout":"","theme-transparent-header-meta":"default","adv-header-id-meta":"","stick-header-meta":"","header-above-stick-meta":"","header-main-stick-meta":"","header-below-stick-meta":"","astra-migrate-meta-layouts":"set","ast-page-background-enabled":"default","ast-page-background-meta":{"desktop":{"background-color":"var(--ast-global-color-4)","background-image":"","background-repeat":"repeat","background-position":"center center","background-size":"auto","background-attachment":"scroll","background-type":"","background-media":"","overlay-type":"","overlay-color":"","overlay-gradient":""},"tablet":{"background-color":"","background-image":"","background-repeat":"repeat","background-position":"center center","background-size":"auto","background-attachment":"scroll","background-type":"","background-media":"","overlay-type":"","overlay-color":"","overlay-gradient":""},"mobile":{"background-color":"","background-image":"","background-repeat":"repeat","background-position":"center center","background-size":"auto","background-attachment":"scroll","background-type":"","background-media":"","overlay-type":"","overlay-color":"","overlay-gradient":""}},"ast-content-background-meta":{"desktop":{"background-color":"var(--ast-global-color-5)","background-image":"","background-repeat":"repeat","background-position":"center center","background-size":"auto","background-attachment":"scroll","background-type":"","background-media":"","overlay-type":"","overlay-color":"","overlay-gradient":""},"tablet":{"background-color":"var(--ast-global-color-5)","background-image":"","background-repeat":"repeat","background-position":"center center","background-size":"auto","background-attachment":"scroll","background-type":"","background-media":"","overlay-type":"","overlay-color":"","overlay-gradient":""},"mobile":{"background-color":"var(--ast-global-color-5)","background-image":"","background-repeat":"repeat","background-position":"center center","background-size":"auto","background-attachment":"scroll","background-type":"","background-media":"","overlay-type":"","overlay-color":"","overlay-gradient":""}},"_joinchat":[]},"product_cat":[21],"product_tag":[28,29],"aioseo_notices":[],"_links":{"self":[{"href":"https:\/\/bybservicios.cl\/index.php\/wp-json\/wp\/v2\/product\/476"}],"collection":[{"href":"https:\/\/bybservicios.cl\/index.php\/wp-json\/wp\/v2\/product"}],"about":[{"href":"https:\/\/bybservicios.cl\/index.php\/wp-json\/wp\/v2\/types\/product"}],"replies":[{"embeddable":true,"href":"https:\/\/bybservicios.cl\/index.php\/wp-json\/wp\/v2\/comments?post=476"}],"wp:featuredmedia":[{"embeddable":true,"href":"https:\/\/bybservicios.cl\/index.php\/wp-json\/wp\/v2\/media\/778"}],"wp:attachment":[{"href":"https:\/\/bybservicios.cl\/index.php\/wp-json\/wp\/v2\/media?parent=476"}],"wp:term":[{"taxonomy":"product_cat","embeddable":true,"href":"https:\/\/bybservicios.cl\/index.php\/wp-json\/wp\/v2\/product_cat?post=476"},{"taxonomy":"product_tag","embeddable":true,"href":"https:\/\/bybservicios.cl\/index.php\/wp-json\/wp\/v2\/product_tag?post=476"}],"curies":[{"name":"wp","href":"https:\/\/api.w.org\/{rel}","templated":true}]}}