{"id":472,"date":"2023-06-15T01:04:53","date_gmt":"2023-06-14T23:04:53","guid":{"rendered":"https:\/\/bybservicios.cl\/?post_type=product&#038;p=472"},"modified":"2025-07-03T05:20:18","modified_gmt":"2025-07-03T03:20:18","slug":"aire-acondicionado-split-12-000-btu-wifi-inverter","status":"publish","type":"product","link":"https:\/\/bybservicios.cl\/index.php\/product\/aire-acondicionado-split-12-000-btu-wifi-inverter\/","title":{"rendered":"Aire acondicionado Split 12.000 BTU WIFI INVERTER"},"content":{"rendered":"<p>Aire acondicionado Khone 12.000 BTU Fr\u00edo\/Calor Wifi<\/p>\n<p>Controla el clima a tu disposici\u00f3n<\/p>\n<p>Climatizador (fr\u00edo y calor) que le dar\u00e1 a tu hogar un clima perfecto todos los d\u00edas del a\u00f1o. El split Inverter de Kh\u00f6ne es un equipo de clase mundial. Gracias a su alta eficiencia energ\u00e9tica, disminuir\u00e1s el impacto medioambiental y te ayudar\u00e1 a ahorrar (mucho m\u00e1s que otros sistemas de climatizaci\u00f3n). Bajo nivel sonoro. Funci\u00f3n WiFi incorporada (app Kh\u00f6ne Control) para poder controlar el clima de tu hogar desde donde quieras.<\/p>\n<p>&nbsp;<\/p>\n<p>&nbsp;<\/p>\n<p>incluye kit b\u00e1sico :<\/p>\n<p>&#8211; 4 Mts ca\u00f1er\u00eda y c\u00f3rdon el\u00e9ctrico<\/p>\n","protected":false},"excerpt":{"rendered":"<p>Aire acondicionado Khone 12.000 BTU Inverter\u00a0 BTU<\/p>\n","protected":false},"featured_media":496,"comment_status":"closed","ping_status":"closed","template":"","meta":{"_monsterinsights_skip_tracking":false,"_monsterinsights_sitenote_active":false,"_monsterinsights_sitenote_note":"","_monsterinsights_sitenote_category":0,"site-sidebar-layout":"default","site-content-layout":"","ast-site-content-layout":"default","site-content-style":"default","site-sidebar-style":"default","ast-global-header-display":"","ast-banner-title-visibility":"","ast-main-header-display":"","ast-hfb-above-header-display":"","ast-hfb-below-header-display":"","ast-hfb-mobile-header-display":"","site-post-title":"","ast-breadcrumbs-content":"","ast-featured-img":"","footer-sml-layout":"","theme-transparent-header-meta":"default","adv-header-id-meta":"","stick-header-meta":"","header-above-stick-meta":"","header-main-stick-meta":"","header-below-stick-meta":"","astra-migrate-meta-layouts":"set","ast-page-background-enabled":"default","ast-page-background-meta":{"desktop":{"background-color":"var(--ast-global-color-4)","background-image":"","background-repeat":"repeat","background-position":"center center","background-size":"auto","background-attachment":"scroll","background-type":"","background-media":"","overlay-type":"","overlay-color":"","overlay-gradient":""},"tablet":{"background-color":"","background-image":"","background-repeat":"repeat","background-position":"center center","background-size":"auto","background-attachment":"scroll","background-type":"","background-media":"","overlay-type":"","overlay-color":"","overlay-gradient":""},"mobile":{"background-color":"","background-image":"","background-repeat":"repeat","background-position":"center center","background-size":"auto","background-attachment":"scroll","background-type":"","background-media":"","overlay-type":"","overlay-color":"","overlay-gradient":""}},"ast-content-background-meta":{"desktop":{"background-color":"var(--ast-global-color-5)","background-image":"","background-repeat":"repeat","background-position":"center center","background-size":"auto","background-attachment":"scroll","background-type":"","background-media":"","overlay-type":"","overlay-color":"","overlay-gradient":""},"tablet":{"background-color":"var(--ast-global-color-5)","background-image":"","background-repeat":"repeat","background-position":"center center","background-size":"auto","background-attachment":"scroll","background-type":"","background-media":"","overlay-type":"","overlay-color":"","overlay-gradient":""},"mobile":{"background-color":"var(--ast-global-color-5)","background-image":"","background-repeat":"repeat","background-position":"center center","background-size":"auto","background-attachment":"scroll","background-type":"","background-media":"","overlay-type":"","overlay-color":"","overlay-gradient":""}},"_joinchat":[]},"product_cat":[21,26],"product_tag":[22,23,24,25],"aioseo_notices":[],"_links":{"self":[{"href":"https:\/\/bybservicios.cl\/index.php\/wp-json\/wp\/v2\/product\/472"}],"collection":[{"href":"https:\/\/bybservicios.cl\/index.php\/wp-json\/wp\/v2\/product"}],"about":[{"href":"https:\/\/bybservicios.cl\/index.php\/wp-json\/wp\/v2\/types\/product"}],"replies":[{"embeddable":true,"href":"https:\/\/bybservicios.cl\/index.php\/wp-json\/wp\/v2\/comments?post=472"}],"wp:featuredmedia":[{"embeddable":true,"href":"https:\/\/bybservicios.cl\/index.php\/wp-json\/wp\/v2\/media\/496"}],"wp:attachment":[{"href":"https:\/\/bybservicios.cl\/index.php\/wp-json\/wp\/v2\/media?parent=472"}],"wp:term":[{"taxonomy":"product_cat","embeddable":true,"href":"https:\/\/bybservicios.cl\/index.php\/wp-json\/wp\/v2\/product_cat?post=472"},{"taxonomy":"product_tag","embeddable":true,"href":"https:\/\/bybservicios.cl\/index.php\/wp-json\/wp\/v2\/product_tag?post=472"}],"curies":[{"name":"wp","href":"https:\/\/api.w.org\/{rel}","templated":true}]}}