{"id":10,"date":"2023-12-06T14:04:11","date_gmt":"2023-12-06T13:04:11","guid":{"rendered":"http:\/\/bybservicios.cl\/?page_id=10"},"modified":"2023-12-06T14:05:05","modified_gmt":"2023-12-06T13:05:05","slug":"refund_returns","status":"publish","type":"page","link":"https:\/\/bybservicios.cl\/index.php\/refund_returns\/","title":{"rendered":"Pol\u00edtica de envio"},"content":{"rendered":"\t\t<div data-elementor-type=\"wp-page\" data-elementor-id=\"10\" class=\"elementor elementor-10\">\n\t\t\t\t\t\t\t\t\t<section class=\"elementor-section elementor-top-section elementor-element elementor-element-49ce8554 elementor-section-boxed elementor-section-height-default elementor-section-height-default wpr-particle-no wpr-jarallax-no wpr-parallax-no wpr-sticky-section-no\" data-id=\"49ce8554\" data-element_type=\"section\">\n\t\t\t\t\t\t<div class=\"elementor-container elementor-column-gap-default\">\n\t\t\t\t\t<div class=\"elementor-column elementor-col-100 elementor-top-column elementor-element elementor-element-5038704d\" data-id=\"5038704d\" data-element_type=\"column\">\n\t\t\t<div class=\"elementor-widget-wrap elementor-element-populated\">\n\t\t\t\t\t\t\t\t<div class=\"elementor-element elementor-element-1139d546 elementor-widget elementor-widget-heading\" data-id=\"1139d546\" data-element_type=\"widget\" data-widget_type=\"heading.default\">\n\t\t\t\t<div class=\"elementor-widget-container\">\n\t\t\t<style>\/*! elementor - v3.18.0 - 04-12-2023 *\/\n.elementor-heading-title{padding:0;margin:0;line-height:1}.elementor-widget-heading .elementor-heading-title[class*=elementor-size-]>a{color:inherit;font-size:inherit;line-height:inherit}.elementor-widget-heading .elementor-heading-title.elementor-size-small{font-size:15px}.elementor-widget-heading .elementor-heading-title.elementor-size-medium{font-size:19px}.elementor-widget-heading .elementor-heading-title.elementor-size-large{font-size:29px}.elementor-widget-heading .elementor-heading-title.elementor-size-xl{font-size:39px}.elementor-widget-heading .elementor-heading-title.elementor-size-xxl{font-size:59px}<\/style><h2 class=\"elementor-heading-title elementor-size-default\">Pol\u00edticas de envi\u00f3 y devoluci\u00f3n<\/h2>\t\t<\/div>\n\t\t\t\t<\/div>\n\t\t\t\t\t<\/div>\n\t\t<\/div>\n\t\t\t\t\t\t\t<\/div>\n\t\t<\/section>\n\t\t\t\t<section class=\"elementor-section elementor-top-section elementor-element elementor-element-2d027792 elementor-section-boxed elementor-section-height-default elementor-section-height-default wpr-particle-no wpr-jarallax-no wpr-parallax-no wpr-sticky-section-no\" data-id=\"2d027792\" data-element_type=\"section\">\n\t\t\t\t\t\t<div class=\"elementor-container elementor-column-gap-default\">\n\t\t\t\t\t<div class=\"elementor-column elementor-col-100 elementor-top-column elementor-element elementor-element-2ed39e50\" data-id=\"2ed39e50\" data-element_type=\"column\">\n\t\t\t<div class=\"elementor-widget-wrap elementor-element-populated\">\n\t\t\t\t\t\t\t\t<div class=\"elementor-element elementor-element-22e6c2ae elementor-widget elementor-widget-text-editor\" data-id=\"22e6c2ae\" data-element_type=\"widget\" data-widget_type=\"text-editor.default\">\n\t\t\t\t<div class=\"elementor-widget-container\">\n\t\t\t<style>\/*! elementor - v3.18.0 - 04-12-2023 *\/\n.elementor-widget-text-editor.elementor-drop-cap-view-stacked .elementor-drop-cap{background-color:#69727d;color:#fff}.elementor-widget-text-editor.elementor-drop-cap-view-framed .elementor-drop-cap{color:#69727d;border:3px solid;background-color:transparent}.elementor-widget-text-editor:not(.elementor-drop-cap-view-default) .elementor-drop-cap{margin-top:8px}.elementor-widget-text-editor:not(.elementor-drop-cap-view-default) .elementor-drop-cap-letter{width:1em;height:1em}.elementor-widget-text-editor .elementor-drop-cap{float:left;text-align:center;line-height:1;font-size:50px}.elementor-widget-text-editor .elementor-drop-cap-letter{display:inline-block}<\/style>\t\t\t\t<p><strong>Env\u00edo:<\/strong><\/p><ol><li><p>Los productos adquiridos en nuestra p\u00e1gina web ser\u00e1n enviados dentro de las pr\u00f3ximas 48 horas h\u00e1biles, siempre y cuando haya stock disponible en nuestras bodegas.<\/p><\/li><li><p>En el caso de que el producto seleccionado no se encuentre en stock, el env\u00edo podr\u00eda demorar m\u00e1s tiempo. En este caso, nos comunicaremos con usted para informarle sobre cualquier inconveniente y brindarle opciones alternativas.<\/p><\/li><li><p>El envi\u00f3 se realizara a la direcci\u00f3n y datos de contacto entregados por el comprador al momento de realizar el pago.<\/p><\/li><li><p>En el caso de las compras con retiro en bodega el producto queda disponible para retiro una vez haya sido confirmada la fecha y hora de retiro por parte de nuestro equipo de vendedores .<\/p><\/li><li><p>Los env\u00edos dentro de la ciudad de Antofagasta se aran seg\u00fan disponibilidad de stock y de acuerdo a la hora que se confirmo la compra. Las comprar generadas despu\u00e9s de las 14:00 hrs se asignaran para el d\u00eda h\u00e1bil siguiente.<\/p><\/li><\/ol>\t\t\t\t\t\t<\/div>\n\t\t\t\t<\/div>\n\t\t\t\t\t<\/div>\n\t\t<\/div>\n\t\t\t\t\t\t\t<\/div>\n\t\t<\/section>\n\t\t\t\t<section class=\"elementor-section elementor-top-section elementor-element elementor-element-61f9d09b elementor-section-boxed elementor-section-height-default elementor-section-height-default wpr-particle-no wpr-jarallax-no wpr-parallax-no wpr-sticky-section-no\" data-id=\"61f9d09b\" data-element_type=\"section\">\n\t\t\t\t\t\t<div class=\"elementor-container elementor-column-gap-default\">\n\t\t\t\t\t<div class=\"elementor-column elementor-col-100 elementor-top-column elementor-element elementor-element-51f684c2\" data-id=\"51f684c2\" data-element_type=\"column\">\n\t\t\t<div class=\"elementor-widget-wrap elementor-element-populated\">\n\t\t\t\t\t\t\t\t<div class=\"elementor-element elementor-element-38b349b2 elementor-widget elementor-widget-text-editor\" data-id=\"38b349b2\" data-element_type=\"widget\" data-widget_type=\"text-editor.default\">\n\t\t\t\t<div class=\"elementor-widget-container\">\n\t\t\t\t\t\t\t<p><strong>Devoluciones:<\/strong><\/p><ol><li><p>Aceptamos devoluciones \u00fanicamente en el caso de que el producto recibido presente defectos o da\u00f1os que impidan funcionamiento, debe ser revisado en el momento de la entrega.<\/p><\/li><li><p>Para solicitar una devoluci\u00f3n, por favor, cont\u00e1ctenos dentro del primer d\u00edas h\u00e1bil posterior a la recepci\u00f3n del producto.<\/p><\/li><li><p>El reembolso se realizar\u00e1 \u00fanicamente si el producto devuelto se encuentra en mal estado y no ha sido utilizado.<\/p><\/li><li><p>Nos eximimos de responsabilidad por da\u00f1os causados por el transportista durante el proceso de env\u00edo. Recomendamos revisar cuidadosamente los productos al recibirlos y notificar cualquier da\u00f1o de inmediato para que podamos gestionar una devoluci\u00f3n o reemplazo.<\/p><\/li><li><p>El valor del envi\u00f3 en caso de devoluci\u00f3n corre por cuenta del comprador. Liberando a la empresa vendedora de toda responsabilidad.<\/p><\/li><\/ol>\t\t\t\t\t\t<\/div>\n\t\t\t\t<\/div>\n\t\t\t\t\t<\/div>\n\t\t<\/div>\n\t\t\t\t\t\t\t<\/div>\n\t\t<\/section>\n\t\t\t\t<section class=\"elementor-section elementor-top-section elementor-element elementor-element-15025e84 elementor-section-boxed elementor-section-height-default elementor-section-height-default wpr-particle-no wpr-jarallax-no wpr-parallax-no wpr-sticky-section-no\" data-id=\"15025e84\" data-element_type=\"section\">\n\t\t\t\t\t\t<div class=\"elementor-container elementor-column-gap-default\">\n\t\t\t\t\t<div class=\"elementor-column elementor-col-100 elementor-top-column elementor-element elementor-element-76f1ef97\" data-id=\"76f1ef97\" data-element_type=\"column\">\n\t\t\t<div class=\"elementor-widget-wrap elementor-element-populated\">\n\t\t\t\t\t\t\t\t<div class=\"elementor-element elementor-element-12ba4e2a elementor-widget elementor-widget-text-editor\" data-id=\"12ba4e2a\" data-element_type=\"widget\" data-widget_type=\"text-editor.default\">\n\t\t\t\t<div class=\"elementor-widget-container\">\n\t\t\t\t\t\t\t<p><strong>Procedimiento de Devoluci\u00f3n:<\/strong><\/p><ol><li><p>Comun\u00edquese con nuestro servicio de atenci\u00f3n al cliente dentro de 1 d\u00eda h\u00e1bil posteriores a la recepci\u00f3n del producto para informar sobre el problema.<\/p><\/li><li><p>Proporcione detalles y evidencia fotogr\u00e1fica del estado da\u00f1ado o defectuoso del producto.<\/p><\/li><li><p>Nuestro equipo evaluar\u00e1 la solicitud y proporcionar\u00e1 instrucciones para el proceso de devoluci\u00f3n.<\/p><\/li><li><p>Una vez recibido el producto devuelto y confirmado el estado defectuoso previa evaluaci\u00f3n del fabricante, procederemos al reembolso del monto pagado por el producto.<\/p><\/li><\/ol><p>Agradecemos su comprensi\u00f3n y colaboraci\u00f3n. Si tiene alguna pregunta o inquietud, no dude en ponerse en contacto con nuestro equipo de atenci\u00f3n al cliente. \u00a1Gracias por elegirnos!<\/p>\t\t\t\t\t\t<\/div>\n\t\t\t\t<\/div>\n\t\t\t\t\t<\/div>\n\t\t<\/div>\n\t\t\t\t\t\t\t<\/div>\n\t\t<\/section>\n\t\t\t\t\t\t\t<\/div>\n\t\t","protected":false},"excerpt":{"rendered":"<p>Pol\u00edticas de envi\u00f3 y devoluci\u00f3n Env\u00edo: Los productos adquiridos en nuestra p\u00e1gina web ser\u00e1n enviados dentro de las pr\u00f3ximas 48 horas h\u00e1biles, siempre y cuando haya stock disponible en nuestras bodegas. En el caso de que el producto seleccionado no se encuentre en stock, el env\u00edo podr\u00eda demorar m\u00e1s tiempo. En este caso, nos comunicaremos &hellip;<\/p>\n<p class=\"read-more\"> <a class=\"\" href=\"https:\/\/bybservicios.cl\/index.php\/refund_returns\/\"> <span class=\"screen-reader-text\">Pol\u00edtica de envio<\/span> Read More &raquo;<\/a><\/p>\n","protected":false},"author":1,"featured_media":0,"parent":0,"menu_order":0,"comment_status":"closed","ping_status":"closed","template":"elementor_header_footer","meta":{"_monsterinsights_skip_tracking":false,"_monsterinsights_sitenote_active":false,"_monsterinsights_sitenote_note":"","_monsterinsights_sitenote_category":0,"site-sidebar-layout":"default","site-content-layout":"","ast-site-content-layout":"","site-content-style":"default","site-sidebar-style":"default","ast-global-header-display":"","ast-banner-title-visibility":"","ast-main-header-display":"","ast-hfb-above-header-display":"","ast-hfb-below-header-display":"","ast-hfb-mobile-header-display":"","site-post-title":"","ast-breadcrumbs-content":"","ast-featured-img":"","footer-sml-layout":"","theme-transparent-header-meta":"","adv-header-id-meta":"","stick-header-meta":"","header-above-stick-meta":"","header-main-stick-meta":"","header-below-stick-meta":"","astra-migrate-meta-layouts":"","ast-page-background-enabled":"default","ast-page-background-meta":{"desktop":{"background-color":"var(--ast-global-color-4)","background-image":"","background-repeat":"repeat","background-position":"center center","background-size":"auto","background-attachment":"scroll","background-type":"","background-media":"","overlay-type":"","overlay-color":"","overlay-gradient":""},"tablet":{"background-color":"","background-image":"","background-repeat":"repeat","background-position":"center center","background-size":"auto","background-attachment":"scroll","background-type":"","background-media":"","overlay-type":"","overlay-color":"","overlay-gradient":""},"mobile":{"background-color":"","background-image":"","background-repeat":"repeat","background-position":"center center","background-size":"auto","background-attachment":"scroll","background-type":"","background-media":"","overlay-type":"","overlay-color":"","overlay-gradient":""}},"ast-content-background-meta":{"desktop":{"background-color":"var(--ast-global-color-5)","background-image":"","background-repeat":"repeat","background-position":"center center","background-size":"auto","background-attachment":"scroll","background-type":"","background-media":"","overlay-type":"","overlay-color":"","overlay-gradient":""},"tablet":{"background-color":"var(--ast-global-color-5)","background-image":"","background-repeat":"repeat","background-position":"center center","background-size":"auto","background-attachment":"scroll","background-type":"","background-media":"","overlay-type":"","overlay-color":"","overlay-gradient":""},"mobile":{"background-color":"var(--ast-global-color-5)","background-image":"","background-repeat":"repeat","background-position":"center center","background-size":"auto","background-attachment":"scroll","background-type":"","background-media":"","overlay-type":"","overlay-color":"","overlay-gradient":""}},"footnotes":"","_joinchat":[]},"aioseo_notices":[],"_links":{"self":[{"href":"https:\/\/bybservicios.cl\/index.php\/wp-json\/wp\/v2\/pages\/10"}],"collection":[{"href":"https:\/\/bybservicios.cl\/index.php\/wp-json\/wp\/v2\/pages"}],"about":[{"href":"https:\/\/bybservicios.cl\/index.php\/wp-json\/wp\/v2\/types\/page"}],"author":[{"embeddable":true,"href":"https:\/\/bybservicios.cl\/index.php\/wp-json\/wp\/v2\/users\/1"}],"replies":[{"embeddable":true,"href":"https:\/\/bybservicios.cl\/index.php\/wp-json\/wp\/v2\/comments?post=10"}],"version-history":[{"count":4,"href":"https:\/\/bybservicios.cl\/index.php\/wp-json\/wp\/v2\/pages\/10\/revisions"}],"predecessor-version":[{"id":819,"href":"https:\/\/bybservicios.cl\/index.php\/wp-json\/wp\/v2\/pages\/10\/revisions\/819"}],"wp:attachment":[{"href":"https:\/\/bybservicios.cl\/index.php\/wp-json\/wp\/v2\/media?parent=10"}],"curies":[{"name":"wp","href":"https:\/\/api.w.org\/{rel}","templated":true}]}}